{"id":2,"date":"2025-05-15T18:42:57","date_gmt":"2025-05-15T16:42:57","guid":{"rendered":"https:\/\/www.niveau2.nu\/?page_id=2"},"modified":"2025-05-15T19:28:55","modified_gmt":"2025-05-15T17:28:55","slug":"exempelsida","status":"publish","type":"page","link":"https:\/\/www.niveau2.nu\/","title":{"rendered":"Hem"},"content":{"rendered":"\t\t<div data-elementor-type=\"wp-page\" data-elementor-id=\"2\" class=\"elementor elementor-2\">\n\t\t\t\t<div class=\"elementor-element elementor-element-6849a2a e-flex e-con-boxed e-con e-parent\" data-id=\"6849a2a\" data-element_type=\"container\">\n\t\t\t\t\t<div class=\"e-con-inner\">\n\t\t\t\t<div class=\"elementor-element elementor-element-d9f6ffd elementor-widget elementor-widget-image\" data-id=\"d9f6ffd\" data-element_type=\"widget\" data-widget_type=\"image.default\">\n\t\t\t\t<div class=\"elementor-widget-container\">\n\t\t\t\t\t\t\t\t\t\t\t\t\t\t\t\t<a href=\"https:\/\/niveau2.se\/\">\n\t\t\t\t\t\t\t<img decoding=\"async\" width=\"299\" height=\"91\" src=\"https:\/\/www.niveau2.nu\/wp-content\/uploads\/2025\/05\/niv.png\" class=\"attachment-large size-large wp-image-10\" alt=\"\" \/>\t\t\t\t\t\t\t\t<\/a>\n\t\t\t\t\t\t\t\t\t\t\t\t\t\t\t<\/div>\n\t\t\t\t<\/div>\n\t\t\t\t\t<\/div>\n\t\t\t\t<\/div>\n\t\t<div class=\"elementor-element elementor-element-6b28dc2 e-flex e-con-boxed e-con e-parent\" data-id=\"6b28dc2\" data-element_type=\"container\">\n\t\t\t\t\t<div class=\"e-con-inner\">\n\t\t\t\t<div class=\"elementor-element elementor-element-5a35418 elementor-widget elementor-widget-heading\" data-id=\"5a35418\" data-element_type=\"widget\" data-widget_type=\"heading.default\">\n\t\t\t\t<div class=\"elementor-widget-container\">\n\t\t\t\t\t<h2 class=\"elementor-heading-title elementor-size-default\">Din kompletta arkitekt och projektpartner<\/h2>\t\t\t\t<\/div>\n\t\t\t\t<\/div>\n\t\t\t\t\t<\/div>\n\t\t\t\t<\/div>\n\t\t<div class=\"elementor-element elementor-element-103f6b8f e-flex e-con-boxed e-con e-parent\" data-id=\"103f6b8f\" data-element_type=\"container\">\n\t\t\t\t\t<div class=\"e-con-inner\">\n\t\t\t\t<div class=\"elementor-element elementor-element-4c515c87 elementor-widget elementor-widget-text-editor\" data-id=\"4c515c87\" data-element_type=\"widget\" data-widget_type=\"text-editor.default\">\n\t\t\t\t<div class=\"elementor-widget-container\">\n\t\t\t\t\t\t\t\t\t\n<div id=\"block-733401\" class=\"block block-header row\" data-id=\"733401\">\n<div class=\"__content col-lg-12 col-md-12 col-sm-12\">\n<div id=\"block-733401\" class=\"block block-header row\" data-id=\"733401\">\n<div class=\"__content col-lg-12 col-md-12 col-sm-12\">\n<h2><span style=\"font-size: 16px;\">V\u00e5rt fokus \u00e4r restauranger, kontor och detaljhandel och vi \u00e4r specialiserade p\u00e5 att utveckla och utvidga v\u00e5ra kunders verksamheter i Sverige och i andra europeiska l\u00e4nder.<\/span><\/h2>\n<\/div>\n<\/div>\n<div id=\"block-562208\" class=\"block block-text row mt-4\" data-id=\"562208\">\n<div class=\"__content col-lg-12 col-md-12 col-sm-12\">\n<p><br \/>Vi sammanfogar dina behov och aff\u00e4rsvisioner med fokus p\u00e5 kostnads- och fl\u00f6deseffektivitet s\u00e5v\u00e4l som p\u00e5 atmosf\u00e4r, h\u00e5llbarhet och v\u00e4lbefinnande.<\/p>\n<\/div>\n<\/div>\n<div id=\"block-535030\" class=\"block block-header row\" data-id=\"535030\">\n<div class=\"__content col-lg-12 col-md-12 col-sm-12\">\n<h6>Niveau2 \u00e4r mer \u00e4n en konsult. Vi \u00e4r din partner.<\/h6>\n<\/div>\n<\/div>\n<\/div>\n<\/div>\n\t\t\t\t\t\t\t\t<\/div>\n\t\t\t\t<\/div>\n\t\t\t\t\t<\/div>\n\t\t\t\t<\/div>\n\t\t<div class=\"elementor-element elementor-element-2ec6475 e-flex e-con-boxed e-con e-parent\" data-id=\"2ec6475\" data-element_type=\"container\">\n\t\t\t\t\t<div class=\"e-con-inner\">\n\t\t\t\t<div class=\"elementor-element elementor-element-91a2016 elementor-widget elementor-widget-heading\" data-id=\"91a2016\" data-element_type=\"widget\" data-widget_type=\"heading.default\">\n\t\t\t\t<div class=\"elementor-widget-container\">\n\t\t\t\t\t<h2 class=\"elementor-heading-title elementor-size-default\"><a href=\"https:\/\/niveau2.se\/\">https:\/\/niveau2.se\/<\/a><\/h2>\t\t\t\t<\/div>\n\t\t\t\t<\/div>\n\t\t\t\t\t<\/div>\n\t\t\t\t<\/div>\n\t\t\t\t<\/div>\n\t\t","protected":false},"excerpt":{"rendered":"<p>Din kompletta arkitekt och projektpartner V\u00e5rt fokus \u00e4r restauranger, kontor och detaljhandel och vi \u00e4r specialiserade p\u00e5 att utveckla och utvidga v\u00e5ra kunders verksamheter i Sverige och i andra europeiska l\u00e4nder. Vi sammanfogar dina behov och aff\u00e4rsvisioner med fokus p\u00e5 kostnads- och fl\u00f6deseffektivitet s\u00e5v\u00e4l som p\u00e5 atmosf\u00e4r, h\u00e5llbarhet och v\u00e4lbefinnande. Niveau2 \u00e4r mer \u00e4n en [&hellip;]<\/p>\n","protected":false},"author":1,"featured_media":0,"parent":0,"menu_order":0,"comment_status":"closed","ping_status":"open","template":"elementor_canvas","meta":{"footnotes":""},"class_list":["post-2","page","type-page","status-publish","hentry"],"_links":{"self":[{"href":"https:\/\/www.niveau2.nu\/index.php?rest_route=\/wp\/v2\/pages\/2","targetHints":{"allow":["GET"]}}],"collection":[{"href":"https:\/\/www.niveau2.nu\/index.php?rest_route=\/wp\/v2\/pages"}],"about":[{"href":"https:\/\/www.niveau2.nu\/index.php?rest_route=\/wp\/v2\/types\/page"}],"author":[{"embeddable":true,"href":"https:\/\/www.niveau2.nu\/index.php?rest_route=\/wp\/v2\/users\/1"}],"replies":[{"embeddable":true,"href":"https:\/\/www.niveau2.nu\/index.php?rest_route=%2Fwp%2Fv2%2Fcomments&post=2"}],"version-history":[{"count":6,"href":"https:\/\/www.niveau2.nu\/index.php?rest_route=\/wp\/v2\/pages\/2\/revisions"}],"predecessor-version":[{"id":17,"href":"https:\/\/www.niveau2.nu\/index.php?rest_route=\/wp\/v2\/pages\/2\/revisions\/17"}],"wp:attachment":[{"href":"https:\/\/www.niveau2.nu\/index.php?rest_route=%2Fwp%2Fv2%2Fmedia&parent=2"}],"curies":[{"name":"wp","href":"https:\/\/api.w.org\/{rel}","templated":true}]}}